{"id":6250,"date":"2023-11-27T07:56:45","date_gmt":"2023-11-27T13:56:45","guid":{"rendered":"https:\/\/staging.regenerativo.org\/?page_id=6250"},"modified":"2023-11-30T08:57:32","modified_gmt":"2023-11-30T14:57:32","slug":"comunidad","status":"publish","type":"page","link":"https:\/\/staging.regenerativo.org\/pt\/comunidad\/","title":{"rendered":"Comunidade"},"content":{"rendered":"<div data-elementor-type=\"wp-page\" data-elementor-id=\"6250\" class=\"elementor elementor-6250\" data-elementor-post-type=\"page\">\n\t\t\t\t\t\t\t\t\t<section class=\"elementor-section elementor-top-section elementor-element elementor-element-7b7330a elementor-section-boxed elementor-section-height-default elementor-section-height-default\" data-id=\"7b7330a\" data-element_type=\"section\" data-settings=\"{&quot;background_background&quot;:&quot;classic&quot;}\" data-e-bg-lazyload=\"\">\n\t\t\t\t\t\t\t<div class=\"elementor-background-overlay\"><\/div>\n\t\t\t\t\t\t\t<div class=\"elementor-container elementor-column-gap-default\">\n\t\t\t\t\t<div class=\"elementor-column elementor-col-100 elementor-top-column elementor-element elementor-element-da5b311\" data-id=\"da5b311\" data-element_type=\"column\">\n\t\t\t<div class=\"elementor-widget-wrap elementor-element-populated\">\n\t\t\t\t\t\t\t\t<div class=\"elementor-element elementor-element-b939595 elementor-widget elementor-widget-image\" data-id=\"b939595\" data-element_type=\"widget\" data-widget_type=\"image.default\">\n\t\t\t\t<div class=\"elementor-widget-container\">\n\t\t\t<style>\/*! elementor - v3.18.0 - 20-12-2023 *\/\n.elementor-widget-image{text-align:center}.elementor-widget-image a{display:inline-block}.elementor-widget-image a img[src$=\".svg\"]{width:48px}.elementor-widget-image img{vertical-align:middle;display:inline-block}<\/style>\t\t\t\t\t\t\t\t\t\t\t\t<img fetchpriority=\"high\" decoding=\"async\" width=\"331\" height=\"427\" src=\"http:\/\/staging.regenerativo.org\/wp-content\/uploads\/2024\/01\/comunidade-portugues.svg\" class=\"attachment-large size-large wp-image-6296\" alt=\"\" \/>\t\t\t\t\t\t\t\t\t\t\t\t\t\t\t<\/div>\n\t\t\t\t<\/div>\n\t\t\t\t<div class=\"elementor-element elementor-element-617d89b elementor-widget elementor-widget-spacer\" data-id=\"617d89b\" data-element_type=\"widget\" data-widget_type=\"spacer.default\">\n\t\t\t\t<div class=\"elementor-widget-container\">\n\t\t\t<style>\/*! elementor - v3.18.0 - 20-12-2023 *\/\n.elementor-column .elementor-spacer-inner{height:var(--spacer-size)}.e-con{--container-widget-width:100%}.e-con-inner>.elementor-widget-spacer,.e-con>.elementor-widget-spacer{width:var(--container-widget-width,var(--spacer-size));--align-self:var(--container-widget-align-self,initial);--flex-shrink:0}.e-con-inner>.elementor-widget-spacer>.elementor-widget-container,.e-con>.elementor-widget-spacer>.elementor-widget-container{height:100%;width:100%}.e-con-inner>.elementor-widget-spacer>.elementor-widget-container>.elementor-spacer,.e-con>.elementor-widget-spacer>.elementor-widget-container>.elementor-spacer{height:100%}.e-con-inner>.elementor-widget-spacer>.elementor-widget-container>.elementor-spacer>.elementor-spacer-inner,.e-con>.elementor-widget-spacer>.elementor-widget-container>.elementor-spacer>.elementor-spacer-inner{height:var(--container-widget-height,var(--spacer-size))}.e-con-inner>.elementor-widget-spacer.elementor-widget-empty,.e-con>.elementor-widget-spacer.elementor-widget-empty{position:relative;min-height:22px;min-width:22px}.e-con-inner>.elementor-widget-spacer.elementor-widget-empty .elementor-widget-empty-icon,.e-con>.elementor-widget-spacer.elementor-widget-empty .elementor-widget-empty-icon{position:absolute;top:0;bottom:0;left:0;right:0;margin:auto;padding:0;width:22px;height:22px}<\/style>\t\t<div class=\"elementor-spacer\">\n\t\t\t<div class=\"elementor-spacer-inner\"><\/div>\n\t\t<\/div>\n\t\t\t\t<\/div>\n\t\t\t\t<\/div>\n\t\t\t\t<div class=\"elementor-element elementor-element-269550f elementor-widget__width-initial e-transform elementor-cta--skin-classic elementor-animated-content elementor-bg-transform elementor-bg-transform-zoom-in elementor-widget elementor-widget-call-to-action\" data-id=\"269550f\" data-element_type=\"widget\" data-settings=\"{&quot;_transform_scale_effect_hover&quot;:{&quot;unit&quot;:&quot;px&quot;,&quot;size&quot;:1.05,&quot;sizes&quot;:[]},&quot;_transform_scale_effect_hover_tablet&quot;:{&quot;unit&quot;:&quot;px&quot;,&quot;size&quot;:&quot;&quot;,&quot;sizes&quot;:[]},&quot;_transform_scale_effect_hover_mobile&quot;:{&quot;unit&quot;:&quot;px&quot;,&quot;size&quot;:&quot;&quot;,&quot;sizes&quot;:[]}}\" data-widget_type=\"call-to-action.default\">\n\t\t\t\t<div class=\"elementor-widget-container\">\n\t\t\t<link rel=\"stylesheet\" href=\"https:\/\/staging.regenerativo.org\/wp-content\/plugins\/elementor-pro\/assets\/css\/widget-call-to-action.min.css\">\t\t<div class=\"elementor-cta\">\n\t\t\t\t\t\t\t<div class=\"elementor-cta__content\">\n\t\t\t\t\t\t\t\t\t<div class=\"elementor-content-item elementor-cta__content-item elementor-icon-wrapper elementor-cta__icon elementor-view-default\">\n\t\t\t\t\t\t<div class=\"elementor-icon\">\n\t\t\t\t\t\t\t<svg xmlns=\"http:\/\/www.w3.org\/2000\/svg\" id=\"Layer_2\" viewbox=\"0 0 54 56.28\"><defs><style>            .cls-1{fill-rule:evenodd;fill:#fffad5;stroke-width:0}        <\/style><\/defs><g id=\"Layer_1-2\"><circle cx=\"24\" cy=\"12\" r=\"12\" style=\"fill:#fffad5;stroke-width:0\"><\/circle><path class=\"cls-1\" d=\"M40.44 30.96a39.81 39.81 0 0 0-6.53-2.46c-3.21-.98-6.55-1.49-9.9-1.5-3.35.06-6.68.56-9.9 1.5-4.2 1.22-8.15 3.15-11.7 5.7A6.265 6.265 0 0 0 .01 39v12h29.85c-.88-1.88-1.34-3.93-1.34-6 .01-6.96 5.06-12.9 11.93-14.04Z\"><\/path><path class=\"cls-1\" d=\"M42.72 33.72c-6.23 0-11.28 5.05-11.28 11.28s5.05 11.28 11.28 11.28S54 51.23 54 45s-5.05-11.28-11.28-11.28Zm5.26 12.03h-4.14v4.14h-2.26v-4.14h-4.14v-2.26h4.14v-4.14h2.26v4.14h4.14v2.26Z\"><\/path><\/g><\/svg>\t\t\t\t\t\t<\/div>\n\t\t\t\t\t<\/div>\n\t\t\t\t\n\t\t\t\t\t\t\t\t\t<h2 class=\"elementor-cta__title elementor-cta__content-item elementor-content-item\">\n\t\t\t\t\t\tCadastro para a comunidade\t\t\t\t\t<\/h2>\n\t\t\t\t\n\t\t\t\t\t\t\t\t\t<div class=\"elementor-cta__description elementor-cta__content-item elementor-content-item\">\n\t\t\t\t\t\tCadastre seu e-mail em nossa lista e receba novidades da NAR!\t\t\t\t\t<\/div>\n\t\t\t\t\n\t\t\t\t\t\t\t\t\t<div class=\"elementor-cta__button-wrapper elementor-cta__content-item elementor-content-item\">\n\t\t\t\t\t<a class=\"elementor-cta__button elementor-button elementor-size-sm\" href=\"https:\/\/staging.regenerativo.org\/pt\/comunidade\/cadastro\/\">\n\t\t\t\t\t\tjuntar\t\t\t\t\t<\/a>\n\t\t\t\t\t<\/div>\n\t\t\t\t\t\t\t<\/div>\n\t\t\t\t\t\t<\/div>\n\t\t\t\t<\/div>\n\t\t\t\t<\/div>\n\t\t\t\t<div class=\"elementor-element elementor-element-db1a82b elementor-widget__width-initial e-transform elementor-cta--skin-classic elementor-animated-content elementor-bg-transform elementor-bg-transform-zoom-in elementor-widget elementor-widget-call-to-action\" data-id=\"db1a82b\" data-element_type=\"widget\" data-settings=\"{&quot;_transform_scale_effect_hover&quot;:{&quot;unit&quot;:&quot;px&quot;,&quot;size&quot;:1.05,&quot;sizes&quot;:[]},&quot;_transform_scale_effect_hover_tablet&quot;:{&quot;unit&quot;:&quot;px&quot;,&quot;size&quot;:&quot;&quot;,&quot;sizes&quot;:[]},&quot;_transform_scale_effect_hover_mobile&quot;:{&quot;unit&quot;:&quot;px&quot;,&quot;size&quot;:&quot;&quot;,&quot;sizes&quot;:[]}}\" data-widget_type=\"call-to-action.default\">\n\t\t\t\t<div class=\"elementor-widget-container\">\n\t\t\t\t\t<div class=\"elementor-cta\">\n\t\t\t\t\t\t\t<div class=\"elementor-cta__content\">\n\t\t\t\t\t\t\t\t\t<div class=\"elementor-content-item elementor-cta__content-item elementor-icon-wrapper elementor-cta__icon elementor-view-default\">\n\t\t\t\t\t\t<div class=\"elementor-icon\">\n\t\t\t\t\t\t\t<svg xmlns=\"http:\/\/www.w3.org\/2000\/svg\" id=\"Layer_2\" data-name=\"Layer 2\" viewbox=\"0 0 97.94 97.94\"><defs><style>      .cls-1 {        fill: #fffad5;        stroke-width: 0px;      }    <\/style><\/defs><g id=\"Layer_1-2\" data-name=\"Layer 1\"><path class=\"cls-1\" d=\"m48.97,97.94c-9.97,0-19.53-2.97-27.71-8.6l-19.83,7.8,6.98-20.75C2.9,68.27,0,58.81,0,48.97c0-13.08,5.09-25.38,14.34-34.63C23.59,5.09,35.89,0,48.97,0s25.38,5.09,34.63,14.34c9.25,9.25,14.34,21.55,14.34,34.63s-5.09,25.38-14.34,34.63c-9.25,9.25-21.55,14.34-34.63,14.34Zm-27.1-13.53l.97.7c7.65,5.54,16.68,8.47,26.13,8.47,24.6,0,44.61-20.01,44.61-44.61S73.57,4.36,48.97,4.36,4.36,24.37,4.36,48.97c0,9.31,2.85,18.23,8.24,25.81l.64.91-4.7,13.96,13.32-5.24Z\"><\/path><path class=\"cls-1\" d=\"m76.56,61.31c.43.46.62,1.08.52,1.7-.56,3.62-3.73,16.9-19.69,11.25-18.4-6.51-31.7-17.95-35.96-33.21-4.26-15.26,8.02-19.3,10.6-18.4,2.58.9,8.98,12.23,8.08,14.7-.9,2.47-5.22,4.82-5.08,7.43.12,2.21,16.41,18.43,21.04,17.14,3.18-.89,3.51-5.81,6.65-6.37,2.86-.51,11.07,2.83,13.84,5.76Z\"><\/path><\/g><\/svg>\t\t\t\t\t\t<\/div>\n\t\t\t\t\t<\/div>\n\t\t\t\t\n\t\t\t\t\t\t\t\t\t<h2 class=\"elementor-cta__title elementor-cta__content-item elementor-content-item\">\n\t\t\t\t\t\tgrupos de informa\u00e7\u00f5es\t\t\t\t\t<\/h2>\n\t\t\t\t\n\t\t\t\t\t\t\t\t\t<div class=\"elementor-cta__description elementor-cta__content-item elementor-content-item\">\n\t\t\t\t\t\tEntre no grupo de informa\u00e7\u00f5es do NAR no WhatsApp.\t\t\t\t\t<\/div>\n\t\t\t\t\n\t\t\t\t\t\t\t\t\t<div class=\"elementor-cta__button-wrapper elementor-cta__content-item elementor-content-item\">\n\t\t\t\t\t<a class=\"elementor-cta__button elementor-button elementor-size-sm\" href=\"https:\/\/staging.regenerativo.org\/pt\/comunidad\/grupos\/\">\n\t\t\t\t\t\tdigitar\t\t\t\t\t<\/a>\n\t\t\t\t\t<\/div>\n\t\t\t\t\t\t\t<\/div>\n\t\t\t\t\t\t<\/div>\n\t\t\t\t<\/div>\n\t\t\t\t<\/div>\n\t\t\t\t<div class=\"elementor-element elementor-element-867d870 elementor-widget__width-initial e-transform elementor-cta--skin-classic elementor-animated-content elementor-bg-transform elementor-bg-transform-zoom-in elementor-widget elementor-widget-call-to-action\" data-id=\"867d870\" data-element_type=\"widget\" data-settings=\"{&quot;_transform_scale_effect_hover&quot;:{&quot;unit&quot;:&quot;px&quot;,&quot;size&quot;:1.05,&quot;sizes&quot;:[]},&quot;_transform_scale_effect_hover_tablet&quot;:{&quot;unit&quot;:&quot;px&quot;,&quot;size&quot;:&quot;&quot;,&quot;sizes&quot;:[]},&quot;_transform_scale_effect_hover_mobile&quot;:{&quot;unit&quot;:&quot;px&quot;,&quot;size&quot;:&quot;&quot;,&quot;sizes&quot;:[]}}\" data-widget_type=\"call-to-action.default\">\n\t\t\t\t<div class=\"elementor-widget-container\">\n\t\t\t\t\t<div class=\"elementor-cta\">\n\t\t\t\t\t\t\t<div class=\"elementor-cta__content\">\n\t\t\t\t\t\t\t\t\t<div class=\"elementor-content-item elementor-cta__content-item elementor-icon-wrapper elementor-cta__icon elementor-view-default\">\n\t\t\t\t\t\t<div class=\"elementor-icon\">\n\t\t\t\t\t\t\t<svg xmlns=\"http:\/\/www.w3.org\/2000\/svg\" id=\"Layer_2\" data-name=\"Layer 2\" viewbox=\"0 0 53.16 60\"><defs><style>      .cls-1 {        fill: #fffad5;        fill-rule: evenodd;        stroke-width: 0px;      }    <\/style><\/defs><g id=\"Layer_1-2\" data-name=\"Layer 1\"><g><path class=\"cls-1\" d=\"m20.28,27.48c0,3.71-3.04,6.72-6.78,6.72s-6.78-3.01-6.78-6.72,3.04-6.72,6.78-6.72,6.78,3.01,6.78,6.72h0Z\"><\/path><path class=\"cls-1\" d=\"m45,60v-6.72c.03-1.06-.48-2.07-1.35-2.69-1.94-1.51-4.2-2.58-6.6-3.14-1.8-.54-3.67-.84-5.55-.9-1.89,0-3.76.31-5.55.9-2.37.65-4.6,1.71-6.6,3.14-.85.64-1.35,1.63-1.35,2.69v6.72h27Z\"><\/path><path class=\"cls-1\" d=\"m38.28,37.98c0,3.74-3.04,6.78-6.78,6.78s-6.78-3.04-6.78-6.78,3.04-6.78,6.78-6.78,6.78,3.04,6.78,6.78h0Z\"><\/path><path class=\"cls-1\" d=\"m17.57,48.2h0c2.11-1.51,4.44-2.68,6.91-3.47-1.71-1.79-2.67-4.16-2.7-6.63v-.3c-.88-.37-1.78-.67-2.7-.9-1.8-.54-3.67-.85-5.56-.9-1.89,0-3.76.31-5.56.9-2.35.72-4.58,1.78-6.61,3.16C.48,40.69-.03,41.71,0,42.78v6.78h16.22c.37-.52.83-.98,1.35-1.36h0Z\"><\/path><path class=\"cls-1\" d=\"m51.59,0h-28.31c-.87,0-1.56.72-1.56,1.59v19.37c-.02.87.67,1.59,1.54,1.61,0,0,.01,0,.02,0h4.5v6.35l6.21-6.35h17.6c.87,0,1.57-.72,1.57-1.59V1.59c0-.87-.7-1.58-1.57-1.59h0Zm-14.29,19.75c-.92,0-1.66-.75-1.66-1.67,0-.92.75-1.67,1.66-1.67.91,0,1.65.73,1.66,1.65.02.92-.71,1.68-1.63,1.69-.01,0-.03,0-.04,0h0Zm1.07-6.88v2.37h-2.14v-4.43h1.06c1.86,0,3.06-1.09,3.06-2.77.03-1.66-1.29-3.03-2.94-3.06-.04,0-.08,0-.11,0-1.54-.14-2.91.99-3.05,2.54-.02.17-.02.35,0,.52v.19h-2.14v-.19c-.16-2.72,1.9-5.05,4.61-5.21.19-.01.39-.01.58,0,2.84-.03,5.16,2.25,5.2,5.09,0,.04,0,.08,0,.12.07,2.44-1.71,4.53-4.12,4.83h0Z\"><\/path><\/g><\/g><\/svg>\t\t\t\t\t\t<\/div>\n\t\t\t\t\t<\/div>\n\t\t\t\t\n\t\t\t\t\t\t\t\t\t<h2 class=\"elementor-cta__title elementor-cta__content-item elementor-content-item\">\n\t\t\t\t\t\tPesquisas\t\t\t\t\t<\/h2>\n\t\t\t\t\n\t\t\t\t\t\t\t\t\t<div class=\"elementor-cta__description elementor-cta__content-item elementor-content-item\">\n\t\t\t\t\t\tParticipe de nossas pesquisas e confira os resultados da comunidade.\t\t\t\t\t<\/div>\n\t\t\t\t\n\t\t\t\t\t\t\t\t\t<div class=\"elementor-cta__button-wrapper elementor-cta__content-item elementor-content-item\">\n\t\t\t\t\t<a class=\"elementor-cta__button elementor-button elementor-size-sm\" href=\"https:\/\/staging.regenerativo.org\/pt\/comunidad\/encuestas\/\">\n\t\t\t\t\t\tVer mais\t\t\t\t\t<\/a>\n\t\t\t\t\t<\/div>\n\t\t\t\t\t\t\t<\/div>\n\t\t\t\t\t\t<\/div>\n\t\t\t\t<\/div>\n\t\t\t\t<\/div>\n\t\t\t\t<div class=\"elementor-element elementor-element-1dd3173 elementor-widget__width-initial e-transform elementor-cta--skin-classic elementor-animated-content elementor-bg-transform elementor-bg-transform-zoom-in elementor-widget elementor-widget-call-to-action\" data-id=\"1dd3173\" data-element_type=\"widget\" data-settings=\"{&quot;_transform_scale_effect_hover&quot;:{&quot;unit&quot;:&quot;px&quot;,&quot;size&quot;:1.05,&quot;sizes&quot;:[]},&quot;_transform_scale_effect_hover_tablet&quot;:{&quot;unit&quot;:&quot;px&quot;,&quot;size&quot;:&quot;&quot;,&quot;sizes&quot;:[]},&quot;_transform_scale_effect_hover_mobile&quot;:{&quot;unit&quot;:&quot;px&quot;,&quot;size&quot;:&quot;&quot;,&quot;sizes&quot;:[]}}\" data-widget_type=\"call-to-action.default\">\n\t\t\t\t<div class=\"elementor-widget-container\">\n\t\t\t\t\t<div class=\"elementor-cta\">\n\t\t\t\t\t\t\t<div class=\"elementor-cta__content\">\n\t\t\t\t\t\t\t\t\t<div class=\"elementor-content-item elementor-cta__content-item elementor-icon-wrapper elementor-cta__icon elementor-view-default\">\n\t\t\t\t\t\t<div class=\"elementor-icon\">\n\t\t\t\t\t\t\t<svg xmlns=\"http:\/\/www.w3.org\/2000\/svg\" id=\"Layer_2\" data-name=\"Layer 2\" viewbox=\"0 0 51 51\"><defs><style>      .cls-1 {        fill: #fffad5;        fill-rule: evenodd;        stroke-width: 0px;      }    <\/style><\/defs><g id=\"Layer_1-2\" data-name=\"Layer 1\"><g><path class=\"cls-1\" d=\"m11.22,9c1.26,0,2.22-.97,2.22-2.25V2.25c0-1.27-.96-2.25-2.22-2.25s-2.22.98-2.22,2.25v4.5c0,1.28.96,2.25,2.22,2.25h0Z\"><\/path><path class=\"cls-1\" d=\"m4.5,22.5h42v24H4.5v-24h0ZM0,51h51V18H0v33h0Z\"><\/path><path class=\"cls-1\" d=\"m39.72,9c1.29,0,2.28-.97,2.28-2.25V2.25c0-1.27-.99-2.25-2.28-2.25s-2.28.98-2.28,2.25v4.5c0,1.28.99,2.25,2.28,2.25h0Z\"><\/path><path class=\"cls-1\" d=\"m45,4.44v2.26c0,2.94-2.32,5.28-5.25,5.28s-5.25-2.34-5.25-5.28v-2.26h-18v2.26c0,2.94-2.32,5.28-5.25,5.28s-5.25-2.34-5.25-5.28v-2.26H0v10.56h51V4.44h-6Z\"><\/path><\/g><\/g><\/svg>\t\t\t\t\t\t<\/div>\n\t\t\t\t\t<\/div>\n\t\t\t\t\n\t\t\t\t\t\t\t\t\t<h2 class=\"elementor-cta__title elementor-cta__content-item elementor-content-item\">\n\t\t\t\t\t\tEventos\t\t\t\t\t<\/h2>\n\t\t\t\t\n\t\t\t\t\t\t\t\t\t<div class=\"elementor-cta__description elementor-cta__content-item elementor-content-item\">\n\t\t\t\t\t\tN\u00e3o se esque\u00e7a de conferir o calend\u00e1rio de eventos da comunidade NAR.\t\t\t\t\t<\/div>\n\t\t\t\t\n\t\t\t\t\t\t\t\t\t<div class=\"elementor-cta__button-wrapper elementor-cta__content-item elementor-content-item\">\n\t\t\t\t\t<a class=\"elementor-cta__button elementor-button elementor-size-sm\" href=\"https:\/\/staging.regenerativo.org\/pt\/comunidad\/eventos\/\">\n\t\t\t\t\t\tdigitar\t\t\t\t\t<\/a>\n\t\t\t\t\t<\/div>\n\t\t\t\t\t\t\t<\/div>\n\t\t\t\t\t\t<\/div>\n\t\t\t\t<\/div>\n\t\t\t\t<\/div>\n\t\t\t\t\t<\/div>\n\t\t<\/div>\n\t\t\t\t\t\t\t<\/div>\n\t\t<\/section>\n\t\t\t\t\t\t\t<\/div>","protected":false},"excerpt":{"rendered":"<p>Cadastro a la comunidad \u00a1Registra tu correo electr\u00f3nico en nuestra lista y recibe las novedades de NAR! unirse grupos de informaci\u00f3n Ingresa al grupo de informaci\u00f3n de NAR en WhatsApp. ingresa Encuestas Participa en nuestras encuestas y consulta los resultados de la comunidad. ver m\u00e1s Eventos No olvides revisar el calendario de eventos de de [&hellip;]<\/p>","protected":false},"author":2,"featured_media":0,"parent":0,"menu_order":0,"comment_status":"closed","ping_status":"closed","template":"elementor_header_footer","meta":{"footnotes":""},"yoast_head":"<!-- This site is optimized with the Yoast SEO plugin v21.8 - https:\/\/yoast.com\/wordpress\/plugins\/seo\/ -->\n<title>Comunidad - NAR<\/title>\n<meta name=\"robots\" content=\"noindex, follow, max-snippet:-1, max-image-preview:large, max-video-preview:-1\" \/>\n<meta property=\"og:locale\" content=\"pt_BR\" \/>\n<meta property=\"og:type\" content=\"article\" \/>\n<meta property=\"og:title\" content=\"Comunidad - NAR\" \/>\n<meta property=\"og:description\" content=\"Cadastro a la comunidad \u00a1Registra tu correo electr\u00f3nico en nuestra lista y recibe las novedades de NAR! unirse grupos de informaci\u00f3n Ingresa al grupo de informaci\u00f3n de NAR en WhatsApp. ingresa Encuestas Participa en nuestras encuestas y consulta los resultados de la comunidad. ver m\u00e1s Eventos No olvides revisar el calendario de eventos de de [&hellip;]\" \/>\n<meta property=\"og:url\" content=\"https:\/\/staging.regenerativo.org\/pt\/comunidad\/\" \/>\n<meta property=\"og:site_name\" content=\"NAR\" \/>\n<meta property=\"article:modified_time\" content=\"2023-11-30T14:57:32+00:00\" \/>\n<meta property=\"og:image\" content=\"http:\/\/staging.regenerativo.org\/wp-content\/uploads\/2023\/11\/COMUNIDAD-1.svg\" \/>\n<meta name=\"twitter:card\" content=\"summary_large_image\" \/>\n<meta name=\"twitter:label1\" content=\"Est. tempo de leitura\" \/>\n\t<meta name=\"twitter:data1\" content=\"1 minuto\" \/>\n<script type=\"application\/ld+json\" class=\"yoast-schema-graph\">{\"@context\":\"https:\/\/schema.org\",\"@graph\":[{\"@type\":\"WebPage\",\"@id\":\"https:\/\/staging.regenerativo.org\/comunidad\/\",\"url\":\"https:\/\/staging.regenerativo.org\/comunidad\/\",\"name\":\"Comunidad - NAR\",\"isPartOf\":{\"@id\":\"https:\/\/staging.regenerativo.org\/#website\"},\"datePublished\":\"2023-11-27T13:56:45+00:00\",\"dateModified\":\"2023-11-30T14:57:32+00:00\",\"breadcrumb\":{\"@id\":\"https:\/\/staging.regenerativo.org\/comunidad\/#breadcrumb\"},\"inLanguage\":\"pt-BR\",\"potentialAction\":[{\"@type\":\"ReadAction\",\"target\":[\"https:\/\/staging.regenerativo.org\/comunidad\/\"]}]},{\"@type\":\"BreadcrumbList\",\"@id\":\"https:\/\/staging.regenerativo.org\/comunidad\/#breadcrumb\",\"itemListElement\":[{\"@type\":\"ListItem\",\"position\":1,\"name\":\"Home\",\"item\":\"https:\/\/staging.regenerativo.org\/\"},{\"@type\":\"ListItem\",\"position\":2,\"name\":\"Comunidad\"}]},{\"@type\":\"WebSite\",\"@id\":\"https:\/\/staging.regenerativo.org\/#website\",\"url\":\"https:\/\/staging.regenerativo.org\/\",\"name\":\"NAR - Negocios Alimentarios Regenerativos\",\"description\":\"Hub de Conocimiento de Negocios de Alimentos Regenerativos\",\"publisher\":{\"@id\":\"https:\/\/staging.regenerativo.org\/#organization\"},\"potentialAction\":[{\"@type\":\"SearchAction\",\"target\":{\"@type\":\"EntryPoint\",\"urlTemplate\":\"https:\/\/staging.regenerativo.org\/?s={search_term_string}\"},\"query-input\":\"required name=search_term_string\"}],\"inLanguage\":\"pt-BR\"},{\"@type\":\"Organization\",\"@id\":\"https:\/\/staging.regenerativo.org\/#organization\",\"name\":\"NAR - Negocios Alimentarios Regenerativos\",\"url\":\"https:\/\/staging.regenerativo.org\/\",\"logo\":{\"@type\":\"ImageObject\",\"inLanguage\":\"pt-BR\",\"@id\":\"https:\/\/staging.regenerativo.org\/#\/schema\/logo\/image\/\",\"url\":\"http:\/\/staging.regenerativo.org\/wp-content\/uploads\/2023\/07\/nar.jpg\",\"contentUrl\":\"http:\/\/staging.regenerativo.org\/wp-content\/uploads\/2023\/07\/nar.jpg\",\"width\":1671,\"height\":1070,\"caption\":\"NAR - Negocios Alimentarios Regenerativos\"},\"image\":{\"@id\":\"https:\/\/staging.regenerativo.org\/#\/schema\/logo\/image\/\"}}]}<\/script>\n<!-- \/ Yoast SEO plugin. -->","yoast_head_json":{"title":"Comunidad - NAR","robots":{"index":"noindex","follow":"follow","max-snippet":"max-snippet:-1","max-image-preview":"max-image-preview:large","max-video-preview":"max-video-preview:-1"},"og_locale":"pt_BR","og_type":"article","og_title":"Comunidad - NAR","og_description":"Cadastro a la comunidad \u00a1Registra tu correo electr\u00f3nico en nuestra lista y recibe las novedades de NAR! unirse grupos de informaci\u00f3n Ingresa al grupo de informaci\u00f3n de NAR en WhatsApp. ingresa Encuestas Participa en nuestras encuestas y consulta los resultados de la comunidad. ver m\u00e1s Eventos No olvides revisar el calendario de eventos de de [&hellip;]","og_url":"https:\/\/staging.regenerativo.org\/pt\/comunidad\/","og_site_name":"NAR","article_modified_time":"2023-11-30T14:57:32+00:00","og_image":[{"url":"http:\/\/staging.regenerativo.org\/wp-content\/uploads\/2023\/11\/COMUNIDAD-1.svg"}],"twitter_card":"summary_large_image","twitter_misc":{"Est. tempo de leitura":"1 minuto"},"schema":{"@context":"https:\/\/schema.org","@graph":[{"@type":"WebPage","@id":"https:\/\/staging.regenerativo.org\/comunidad\/","url":"https:\/\/staging.regenerativo.org\/comunidad\/","name":"Comunidad - NAR","isPartOf":{"@id":"https:\/\/staging.regenerativo.org\/#website"},"datePublished":"2023-11-27T13:56:45+00:00","dateModified":"2023-11-30T14:57:32+00:00","breadcrumb":{"@id":"https:\/\/staging.regenerativo.org\/comunidad\/#breadcrumb"},"inLanguage":"pt-BR","potentialAction":[{"@type":"ReadAction","target":["https:\/\/staging.regenerativo.org\/comunidad\/"]}]},{"@type":"BreadcrumbList","@id":"https:\/\/staging.regenerativo.org\/comunidad\/#breadcrumb","itemListElement":[{"@type":"ListItem","position":1,"name":"Home","item":"https:\/\/staging.regenerativo.org\/"},{"@type":"ListItem","position":2,"name":"Comunidad"}]},{"@type":"WebSite","@id":"https:\/\/staging.regenerativo.org\/#website","url":"https:\/\/staging.regenerativo.org\/","name":"NAR - Negocios Alimentarios Regenerativos","description":"Hub de Conocimiento de Negocios de Alimentos Regenerativos","publisher":{"@id":"https:\/\/staging.regenerativo.org\/#organization"},"potentialAction":[{"@type":"SearchAction","target":{"@type":"EntryPoint","urlTemplate":"https:\/\/staging.regenerativo.org\/?s={search_term_string}"},"query-input":"required name=search_term_string"}],"inLanguage":"pt-BR"},{"@type":"Organization","@id":"https:\/\/staging.regenerativo.org\/#organization","name":"NAR - Negocios Alimentarios Regenerativos","url":"https:\/\/staging.regenerativo.org\/","logo":{"@type":"ImageObject","inLanguage":"pt-BR","@id":"https:\/\/staging.regenerativo.org\/#\/schema\/logo\/image\/","url":"http:\/\/staging.regenerativo.org\/wp-content\/uploads\/2023\/07\/nar.jpg","contentUrl":"http:\/\/staging.regenerativo.org\/wp-content\/uploads\/2023\/07\/nar.jpg","width":1671,"height":1070,"caption":"NAR - Negocios Alimentarios Regenerativos"},"image":{"@id":"https:\/\/staging.regenerativo.org\/#\/schema\/logo\/image\/"}}]}},"_links":{"self":[{"href":"https:\/\/staging.regenerativo.org\/pt\/wp-json\/wp\/v2\/pages\/6250"}],"collection":[{"href":"https:\/\/staging.regenerativo.org\/pt\/wp-json\/wp\/v2\/pages"}],"about":[{"href":"https:\/\/staging.regenerativo.org\/pt\/wp-json\/wp\/v2\/types\/page"}],"author":[{"embeddable":true,"href":"https:\/\/staging.regenerativo.org\/pt\/wp-json\/wp\/v2\/users\/2"}],"replies":[{"embeddable":true,"href":"https:\/\/staging.regenerativo.org\/pt\/wp-json\/wp\/v2\/comments?post=6250"}],"version-history":[{"count":110,"href":"https:\/\/staging.regenerativo.org\/pt\/wp-json\/wp\/v2\/pages\/6250\/revisions"}],"predecessor-version":[{"id":6843,"href":"https:\/\/staging.regenerativo.org\/pt\/wp-json\/wp\/v2\/pages\/6250\/revisions\/6843"}],"wp:attachment":[{"href":"https:\/\/staging.regenerativo.org\/pt\/wp-json\/wp\/v2\/media?parent=6250"}],"curies":[{"name":"wp","href":"https:\/\/api.w.org\/{rel}","templated":true}]}}